{"id":83,"date":"2017-01-20T19:24:42","date_gmt":"2017-01-20T18:24:42","guid":{"rendered":"https:\/\/www.chorale-locustelle.fr\/wp\/?page_id=83"},"modified":"2017-05-11T10:21:36","modified_gmt":"2017-05-11T08:21:36","slug":"nos-cd","status":"publish","type":"page","link":"https:\/\/www.chorale-locustelle.fr\/wp\/?page_id=83","title":{"rendered":"Nos CD"},"content":{"rendered":"\n<table id=\"tablepress-1\" class=\"tablepress tablepress-id-1\">\n<tbody class=\"row-striping\">\n<tr class=\"row-1\">\n\t<td class=\"column-1\">CD n\u00b07<br \/>\n<span class=\"titre\">Raconte-moi\u2026<\/span><br \/>\n<img decoding=\"async\" src=\"http:\/\/www.chorale-locustelle.fr\/wp\/wp-content\/uploads\/2017\/05\/cd-7.gif\" alt=\"\"><br \/>\n<\/td><td class=\"column-2\">Mon histoire<br \/>\nL'orange<br \/>\nLa foule<br \/>\nLa Mamma<br \/>\nMadeleine<br \/>\nSiffler sur la colline<br \/>\nSi on chantait<br \/>\nChanter pour ceux qui sont loin de chez eux<br \/>\n\u00c0 nos actes manqu\u00e9s<br \/>\nLes lacs du Connemara<br \/>\nL'assasymphonie<br \/>\nSoleil<br \/>\nBeau malheur<br \/>\nDemain<br \/>\nL'horloge tourne<br \/>\nSoulman<br \/>\nWe are the champions<br \/>\nLes Champs-\u00c9lys\u00e9es<br \/>\nIl est tard maintenant<\/td>\n<\/tr>\n<tr class=\"row-2\">\n\t<td class=\"column-1\">CD n\u00b06<br \/>\n<span class=\"titre\">\u00c9chapp\u00e9es belles<\/span><br \/>\n<img decoding=\"async\" src=\"http:\/\/www.chorale-locustelle.fr\/wp\/wp-content\/uploads\/2017\/05\/cd-6.jpg\" alt=\"\"><\/td><td class=\"column-2\">Emmenez-moi<br \/>\nLa java de Broadway<br \/>\nL'Am\u00e9rique<br \/>\nSur la route de Memphis<br \/>\nSan Francisco<br \/>\nLes Acadiens<br \/>\nLe sud<br \/>\nLe tango corse<br \/>\nL'ile<br \/>\nLes Champs-\u00c9lys\u00e9es<br \/>\nLes pr\u00e9noms de Paris<br \/>\nLa qu\u00eate<br \/>\nNathalie<br \/>\nDiego libre dans sa t\u00eate<br \/>\nAu bout de mes r\u00eaves<br \/>\nL'envie<br \/>\nUne belle histoire<\/td>\n<\/tr>\n<tr class=\"row-3\">\n\t<td class=\"column-1\">CD n\u00b05<br \/>\n<span class=\"titre\">30 ann\u00e9es<\/span><br \/>\n<img decoding=\"async\" src=\"http:\/\/www.chorale-locustelle.fr\/wp\/wp-content\/uploads\/2017\/05\/cd-5.jpg\" alt=\"\"><\/td><td class=\"column-2\">Laissons entrer le soleil<br \/>\nL\u00e0 o\u00f9 je t'emm\u00e8nerai<br \/>\nQuand j'aime une fois<br \/>\nParce que c'est toi<br \/>\nQuand la musique est bonne<br \/>\nLettre \u00e0 France<br \/>\nIl changeait la vie<br \/>\nEntre ta peau et la mienne<br \/>\nPotemkine<br \/>\nQui a tu\u00e9 grand Maman<br \/>\n\u00c7a va pas changer le monde<br \/>\nExodus<br \/>\nJ'ai demand\u00e9 \u00e0 la lune<br \/>\nLa rivi\u00e8re de notre enfance<br \/>\nAller plus haut<br \/>\nAmsterdam<\/td>\n<\/tr>\n<tr class=\"row-4\">\n\t<td class=\"column-1\">CD n\u00b04<br \/>\n<span class=\"titre\">\u00c9vasion<\/span><br \/>\n<img decoding=\"async\" src=\"http:\/\/www.chorale-locustelle.fr\/wp\/wp-content\/uploads\/2017\/05\/cd-4.jpg\" alt=\"\"><\/td><td class=\"column-2\">Le monde change de peau<br \/>\nAimer \u00e0 perdre la raison<br \/>\nSimon papa Tara<br \/>\nLiebe<br \/>\nLa Montagne<br \/>\nTournent les violons<br \/>\nSang pour sang<br \/>\nEt maintenant<br \/>\nLa Boh\u00eame<br \/>\nAimer<br \/>\nLes lionnes<br \/>\nSeul<br \/>\nDon't cry for me Argentina<br \/>\nLe pouvoir des fleurs<br \/>\nManhattan Kaboul<br \/>\nLe plus fort c'est mon p\u00e8re<br \/>\nVivre pour le meilleur<br \/>\nQuand les lumi\u00e8res<\/td>\n<\/tr>\n<tr class=\"row-5\">\n\t<td class=\"column-1\">CD n\u00b03<br \/>\n<span class=\"titre\">R\u00eav'Partitions<\/span><br \/>\n<img decoding=\"async\" src=\"http:\/\/www.chorale-locustelle.fr\/wp\/wp-content\/uploads\/2017\/05\/cd-3.jpg\" alt=\"\"><\/td><td class=\"column-2\">Le temps des cath\u00e9drales<br \/>\nBelle<br \/>\nAve Maria pa\u00efen<br \/>\nVivre<br \/>\nDanse mon Esmeralda<br \/>\nAsimbonanga<br \/>\nAmbalaba<br \/>\nOctobre<br \/>\nTomb\u00e9 du ciel<br \/>\nL'appel du condor<br \/>\nQuand les hommes vivront d'amour<br \/>\nLes Flamandes<br \/>\nDestin<br \/>\nQu'est ce qu'on attend pour \u00eatre heureux<br \/>\nCon te partiro<br \/>\nL'envie d'aimer<br \/>\nLe mambo du D\u00e9calco<br \/>\nAmsterdam<\/td>\n<\/tr>\n<tr class=\"row-6\">\n\t<td class=\"column-1\">CD n\u00b02 et cassette<br \/>\n<span class=\"titre\">On a le ch\u0153ur qui bat<\/span><br \/>\n<img decoding=\"async\" src=\"http:\/\/www.chorale-locustelle.fr\/wp\/wp-content\/uploads\/2017\/05\/cd-2.jpg\" alt=\"\"><\/td><td class=\"column-2\">Bruxelles<br \/>\nIl me dit que je suis belle<br \/>\nViva la vida<br \/>\nHymne \u00e0 l'amour<br \/>\nLe lac Majeur<br \/>\nToute la pluie tombe sur moi<br \/>\nUne chanson<br \/>\nJe n'aurai pas le temps<br \/>\nPuisque tu pars<br \/>\nBelle-\u00cele-en-Mer Marie Galante<br \/>\nHeal the world<br \/>\nQuelque chose de Tennessee<br \/>\nLa ballade nord-irlandaise<br \/>\nLes ann\u00e9es guitare<\/td>\n<\/tr>\n<tr class=\"row-7\">\n\t<td class=\"column-1\">CD n\u00b01<br \/>\n<span class=\"titre\">Envol<\/span><br \/>\n<img decoding=\"async\" src=\"http:\/\/www.chorale-locustelle.fr\/wp\/wp-content\/uploads\/2017\/05\/cd-1.jpg\" alt=\"\"><\/td><td class=\"column-2\">Y'a du soleil<br \/>\nQuand on n'a que l'amour<br \/>\nLes ports de l'Atlantique<br \/>\nComme d'habitude<br \/>\nJ'irai chanter<br \/>\nAu fur et \u00e0 mesure<br \/>\nChaque jour de plus est un jour de trop<br \/>\nDe Bretagne ou d'ailleurs<br \/>\nMemory<br \/>\nLa ballade de chez Tao<br \/>\nMon histoire<br \/>\nQuand les lumi\u00e8res<br \/>\nLes lacs du Connemara<\/td>\n<\/tr>\n<tr class=\"row-8\">\n\t<td class=\"column-1\">cassette<br \/>\n<span class=\"titre\">Locustelle en chansons<\/span><br \/>\n<br \/>\n<img decoding=\"async\" src=\"http:\/\/www.chorale-locustelle.fr\/wp\/wp-content\/uploads\/2017\/05\/k7-1.jpg\" alt=\"\"><\/td><td class=\"column-2\">Chanter<br \/>\nJe connais des bateaux<br \/>\nLibrement<br \/>\nHymne \u00e0 l'amour<br \/>\nChiffon rouge<br \/>\nO\u00f9 s'en vont<br \/>\nExodus<br \/>\nSavanna kumba<br \/>\nSi l'on revient moins riche<br \/>\nTout va changer<br \/>\nUltra moderne solitude<br \/>\nDeep river<br \/>\nCri d'alarme<\/td>\n<\/tr>\n<\/tbody>\n<\/table>\n<!-- #tablepress-1 from cache -->\n","protected":false},"excerpt":{"rendered":"","protected":false},"author":1,"featured_media":0,"parent":48,"menu_order":0,"comment_status":"closed","ping_status":"closed","template":"","meta":{"ngg_post_thumbnail":0,"_mc_calendar":[],"footnotes":""},"class_list":["post-83","page","type-page","status-publish","hentry"],"_links":{"self":[{"href":"https:\/\/www.chorale-locustelle.fr\/wp\/index.php?rest_route=\/wp\/v2\/pages\/83","targetHints":{"allow":["GET"]}}],"collection":[{"href":"https:\/\/www.chorale-locustelle.fr\/wp\/index.php?rest_route=\/wp\/v2\/pages"}],"about":[{"href":"https:\/\/www.chorale-locustelle.fr\/wp\/index.php?rest_route=\/wp\/v2\/types\/page"}],"author":[{"embeddable":true,"href":"https:\/\/www.chorale-locustelle.fr\/wp\/index.php?rest_route=\/wp\/v2\/users\/1"}],"replies":[{"embeddable":true,"href":"https:\/\/www.chorale-locustelle.fr\/wp\/index.php?rest_route=%2Fwp%2Fv2%2Fcomments&post=83"}],"version-history":[{"count":3,"href":"https:\/\/www.chorale-locustelle.fr\/wp\/index.php?rest_route=\/wp\/v2\/pages\/83\/revisions"}],"predecessor-version":[{"id":282,"href":"https:\/\/www.chorale-locustelle.fr\/wp\/index.php?rest_route=\/wp\/v2\/pages\/83\/revisions\/282"}],"up":[{"embeddable":true,"href":"https:\/\/www.chorale-locustelle.fr\/wp\/index.php?rest_route=\/wp\/v2\/pages\/48"}],"wp:attachment":[{"href":"https:\/\/www.chorale-locustelle.fr\/wp\/index.php?rest_route=%2Fwp%2Fv2%2Fmedia&parent=83"}],"curies":[{"name":"wp","href":"https:\/\/api.w.org\/{rel}","templated":true}]}}