{"id":72,"date":"2017-01-20T19:12:41","date_gmt":"2017-01-20T18:12:41","guid":{"rendered":"https:\/\/www.chorale-locustelle.fr\/wp\/?page_id=72"},"modified":"2024-10-22T09:24:13","modified_gmt":"2024-10-22T07:24:13","slug":"le-repertoire","status":"publish","type":"page","link":"https:\/\/www.chorale-locustelle.fr\/wp\/?page_id=72","title":{"rendered":"Le r\u00e9pertoire"},"content":{"rendered":"<h1>En 2024 :<\/h1>\n<p>Et Bam &#8211; Mentissa<br \/>\nJ&rsquo;y vais &#8211; P.Fiori et F.Pagny<br \/>\nOn trace &#8211; Les enfoir\u00e9s<br \/>\nLa m\u00eame &#8211; Vianney et Gims<br \/>\nLa tendresse<br \/>\nMa r\u00e9v\u00e9rence &#8211; V\u00e9ronique Sanson<br \/>\nFernando<br \/>\nRespire encore &#8211; C.Luciani<br \/>\nOn dirait &#8211; Amir<br \/>\nJe n&rsquo; aurai pas le temps &#8211; M.Fugain<br \/>\nPuisque tu pars &#8211; J-J Goldman<br \/>\nLa groupie du pianiste &#8211; M.Berger<br \/>\nLettre \u00e0 France &#8211; M.Polnareff<br \/>\nAimer \u00e0 perdre la raison &#8211; J.Ferrat<br \/>\nQue dieu me pardonne &#8211; K.Girac et C.Cap\u00e9o<br \/>\nAnimaux fragiles &#8211; Zaz et Ycare<br \/>\nAvant toi &#8211; Vitaa et Slimane<br \/>\nAmsterdam &#8211; J.Brel<br \/>\nSous le vent &#8211; C.Dion et Garou<br \/>\n\u00e7a va \u00e7a va &#8211; C.Cap\u00e9o<br \/>\nD\u00e9senchant\u00e9e &#8211; M.Farmer<\/p>\n<h1>En 2022 :<strong>\u00ab\u00a0Chacun sa voie\/x\u00a0\u00bb<\/strong><\/h1>\n<p>Attention Mesdames et Messieurs &#8211; M.Fugain<br \/>\nJ&rsquo;irai o\u00f9 tu iras &#8211; C.Dion et J-J Goldman<br \/>\nSi jamais j&rsquo;oublie &#8211; Zaz<br \/>\nJe viens du sud &#8211; M.Sardou\/C.Badi<br \/>\nUn homme debout &#8211; C.Capeo<br \/>\nOse &#8211; Y.Noah<br \/>\nViens, on s&rsquo; aime &#8211; Slimane<br \/>\nVoyage en Italie &#8211; Lilicub<br \/>\nChanter &#8211; F.Pagny<br \/>\nSur un Pr\u00e9lude de Bach &#8211; Mauranne<br \/>\nMourir demain &#8211; P.Obispo et N.St-Pier<br \/>\nJe suis un homme &#8211; Zazie<br \/>\nLes yeux de la Mama &#8211; K.Girac<br \/>\nPas eu le temps &#8211; P.Bruel<br \/>\nLe portrait &#8211; Calogero<br \/>\nChez nous &#8211; Soprano et P.Fiori<br \/>\nPoulailler&rsquo;song &#8211; A.Souchon<br \/>\nJ&rsquo;veux du soleil &#8211; Au P&rsquo;tit bonheur<br \/>\nFamille &#8211; J.J Goldman<br \/>\nLes murs porteurs &#8211; F.Pagny<\/p>\n<h1>En 2018 : \u00a0 \u00a0<strong>\u00ab\u00a0Cris du ch\u0153ur\u00a0\u00bb<\/strong><\/h1>\n<p>On \u00e9crit sur les murs<br \/>\nMistral gagnant<br \/>\nLa fleur aux dents<br \/>\nCombien de gens<br \/>\nLa complainte de Pablo Neruda<br \/>\nTous les cris, les SOS<br \/>\nR\u00e9siste<br \/>\nAngela<br \/>\nToujours debout<br \/>\nUn jour au mauvais endroit<br \/>\nOn ira<br \/>\nEmm\u00e8ne moi<br \/>\nMon amant de saint Jean<br \/>\n\u00c7a ira<br \/>\nFoule sentimentale<br \/>\nLes amis<br \/>\nColore<br \/>\nQuand j&rsquo;\u00e9tais chanteur<br \/>\nUn autre monde<br \/>\nNous nous reverrons un jour ou l&rsquo;autre<br \/>\nL&rsquo;envie<br \/>\nVivre pour le meilleur<br \/>\nL&rsquo;envie<\/p>\n<h1>En 2015 : \u00ab\u00a0Raconte-moi&#8230;\u00a0\u00bb<\/h1>\n<p>Mon histoire.<br \/>\nL&rsquo;orange.<br \/>\nLa foule.<br \/>\nLa Mamma.<br \/>\nMadeleine.<br \/>\nSiffler sur la colline.<br \/>\nSi on chantait.<br \/>\nChanter pour ceux qui sont loin de chez eux.<br \/>\n\u00c0 nos actes manqu\u00e9s.<br \/>\nLes lacs du Connemara.<br \/>\nL&rsquo;assasymphonie.<br \/>\nSoleil.<br \/>\nBeau malheur.<br \/>\nDemain.<br \/>\nL&rsquo;horloge tourne.<br \/>\nSoulman.<br \/>\nWe are the champions.<br \/>\nLes Champs-\u00c9lys\u00e9es.<br \/>\nIl est tard maintenant.<\/p>\n<h1>En 2013 : \u00ab\u00a0ABCD&rsquo;Airs\u00a0\u00bb<\/h1>\n<p>L&rsquo;Am\u00e9rique.<br \/>\nFernando.<br \/>\nLove story.<br \/>\nJe veux.<br \/>\nRio Grande.<br \/>\nL&rsquo;orange.<br \/>\nGardien de nuit.<br \/>\nHeal the world.<br \/>\nUn soir de pluie.<br \/>\nEmmenez-moi.<br \/>\nL&rsquo;\u00eele.<br \/>\nLa qu\u00eate.<br \/>\nToi + moi.<br \/>\nLe blues du businessman.<br \/>\nSur la route de Memphis.<br \/>\nLes Champs-\u00c9lys\u00e9es.<br \/>\nNathalie.<br \/>\nLe paradis blanc.<br \/>\nDestin.<br \/>\nWe are the champions.<\/p>\n","protected":false},"excerpt":{"rendered":"<p>En 2024 : Et Bam &#8211; Mentissa J&rsquo;y vais &#8211; P.Fiori et F.Pagny On trace &#8211; Les enfoir\u00e9s La m\u00eame &#8211; Vianney et Gims La tendresse Ma r\u00e9v\u00e9rence &#8211; V\u00e9ronique Sanson Fernando Respire encore &#8211; C.Luciani On dirait &#8211; Amir Je n&rsquo; aurai pas le temps &#8211; M.Fugain Puisque tu &hellip;<\/p>\n","protected":false},"author":1,"featured_media":0,"parent":48,"menu_order":0,"comment_status":"closed","ping_status":"closed","template":"","meta":{"ngg_post_thumbnail":0,"_mc_calendar":[],"footnotes":""},"class_list":["post-72","page","type-page","status-publish","hentry"],"_links":{"self":[{"href":"https:\/\/www.chorale-locustelle.fr\/wp\/index.php?rest_route=\/wp\/v2\/pages\/72","targetHints":{"allow":["GET"]}}],"collection":[{"href":"https:\/\/www.chorale-locustelle.fr\/wp\/index.php?rest_route=\/wp\/v2\/pages"}],"about":[{"href":"https:\/\/www.chorale-locustelle.fr\/wp\/index.php?rest_route=\/wp\/v2\/types\/page"}],"author":[{"embeddable":true,"href":"https:\/\/www.chorale-locustelle.fr\/wp\/index.php?rest_route=\/wp\/v2\/users\/1"}],"replies":[{"embeddable":true,"href":"https:\/\/www.chorale-locustelle.fr\/wp\/index.php?rest_route=%2Fwp%2Fv2%2Fcomments&post=72"}],"version-history":[{"count":16,"href":"https:\/\/www.chorale-locustelle.fr\/wp\/index.php?rest_route=\/wp\/v2\/pages\/72\/revisions"}],"predecessor-version":[{"id":1469,"href":"https:\/\/www.chorale-locustelle.fr\/wp\/index.php?rest_route=\/wp\/v2\/pages\/72\/revisions\/1469"}],"up":[{"embeddable":true,"href":"https:\/\/www.chorale-locustelle.fr\/wp\/index.php?rest_route=\/wp\/v2\/pages\/48"}],"wp:attachment":[{"href":"https:\/\/www.chorale-locustelle.fr\/wp\/index.php?rest_route=%2Fwp%2Fv2%2Fmedia&parent=72"}],"curies":[{"name":"wp","href":"https:\/\/api.w.org\/{rel}","templated":true}]}}