{"id":52,"date":"2016-10-05T17:59:27","date_gmt":"2016-10-05T15:59:27","guid":{"rendered":"https:\/\/www.chorale-locustelle.fr\/wp\/?page_id=52"},"modified":"2025-03-22T18:58:39","modified_gmt":"2025-03-22T17:58:39","slug":"a-la-une","status":"publish","type":"page","link":"https:\/\/www.chorale-locustelle.fr\/wp\/?page_id=52","title":{"rendered":"Actualit\u00e9s"},"content":{"rendered":"\n<figure class=\"wp-block-image size-full\"><img loading=\"lazy\" decoding=\"async\" width=\"556\" height=\"745\" src=\"https:\/\/www.chorale-locustelle.fr\/wp\/wp-content\/uploads\/2017\/12\/2025-Annonce-Concerts-1.jpg\" alt=\"\" class=\"wp-image-1548\" srcset=\"https:\/\/www.chorale-locustelle.fr\/wp\/wp-content\/uploads\/2017\/12\/2025-Annonce-Concerts-1.jpg 556w, https:\/\/www.chorale-locustelle.fr\/wp\/wp-content\/uploads\/2017\/12\/2025-Annonce-Concerts-1-224x300.jpg 224w, https:\/\/www.chorale-locustelle.fr\/wp\/wp-content\/uploads\/2017\/12\/2025-Annonce-Concerts-1-149x200.jpg 149w\" sizes=\"auto, (max-width: 556px) 100vw, 556px\" \/><\/figure>\n\n\n\n<ul class=\"wp-block-list has-blush-light-purple-gradient-background has-background\">\n<li class=\"has-accent-2-color has-text-color has-link-color wp-elements-731348312a063aa345d711d8585cdbb8\"><strong>2 prochains concerts solidaires sont d\u00e9j\u00e0 programm\u00e9s : <\/strong> <\/li>\n\n\n\n<li class=\"has-accent-2-color has-text-color has-link-color wp-elements-82da8235c8e89c641af5acfe61acd875\"><strong>Le 27 septembre 2025 \u00e0 Ch\u00e2teau-Gontier  <\/strong><\/li>\n\n\n\n<li class=\"has-accent-2-color has-text-color has-link-color wp-elements-efaff479474b7685b48e0e7056994cdf\"><strong>le 4 octobre \u00e0 Montjean<\/strong><\/li>\n<\/ul>\n\n\n\n<ul class=\"wp-block-list\"><\/ul>\n\n\n\n<p class=\"has-headings-color has-text-color has-background has-link-color wp-elements-d5404d2665eec56bd7cb8118f4d5c530\" style=\"background:linear-gradient(135deg,rgba(7,129,227,0.4) 40%,rgb(155,81,224) 100%)\"> Pour \u00eatre les premiers \u00e0 r\u00e9server vos places, suivez nos \u00e9v\u00e9nements, retrouvez-nous sur notre site\u00a0<a href=\"https:\/\/www.chorale-locustelle.fr\/wp\/\" target=\"_blank\" rel=\"noreferrer noopener\">https:\/\/www.chorale-locustelle.fr\/wp\/<\/a> et sur <a href=\"https:\/\/www.facebook.com\/Locustelle49\">Facebook<\/a>\u00a0<\/p>\n\n\n\n<figure class=\"wp-block-image size-full is-resized\"><img loading=\"lazy\" decoding=\"async\" width=\"906\" height=\"1280\" src=\"https:\/\/www.chorale-locustelle.fr\/wp\/wp-content\/uploads\/2025\/03\/2025-03-08_affiche-artssos.jpg\" alt=\"\" class=\"wp-image-1523\" style=\"width:622px;height:auto\" srcset=\"https:\/\/www.chorale-locustelle.fr\/wp\/wp-content\/uploads\/2025\/03\/2025-03-08_affiche-artssos.jpg 906w, https:\/\/www.chorale-locustelle.fr\/wp\/wp-content\/uploads\/2025\/03\/2025-03-08_affiche-artssos-212x300.jpg 212w, https:\/\/www.chorale-locustelle.fr\/wp\/wp-content\/uploads\/2025\/03\/2025-03-08_affiche-artssos-725x1024.jpg 725w, https:\/\/www.chorale-locustelle.fr\/wp\/wp-content\/uploads\/2025\/03\/2025-03-08_affiche-artssos-768x1085.jpg 768w, https:\/\/www.chorale-locustelle.fr\/wp\/wp-content\/uploads\/2025\/03\/2025-03-08_affiche-artssos-142x200.jpg 142w\" sizes=\"auto, (max-width: 906px) 100vw, 906px\" \/><\/figure>\n\n\n\n<figure class=\"wp-block-image size-full is-resized\"><img loading=\"lazy\" decoding=\"async\" width=\"1191\" height=\"1685\" src=\"https:\/\/www.chorale-locustelle.fr\/wp\/wp-content\/uploads\/2025\/01\/2024_Concert-OeM.jpg\" alt=\"\" class=\"wp-image-1486\" style=\"width:622px;height:auto\" srcset=\"https:\/\/www.chorale-locustelle.fr\/wp\/wp-content\/uploads\/2025\/01\/2024_Concert-OeM.jpg 1191w, https:\/\/www.chorale-locustelle.fr\/wp\/wp-content\/uploads\/2025\/01\/2024_Concert-OeM-212x300.jpg 212w, https:\/\/www.chorale-locustelle.fr\/wp\/wp-content\/uploads\/2025\/01\/2024_Concert-OeM-724x1024.jpg 724w, https:\/\/www.chorale-locustelle.fr\/wp\/wp-content\/uploads\/2025\/01\/2024_Concert-OeM-768x1087.jpg 768w, https:\/\/www.chorale-locustelle.fr\/wp\/wp-content\/uploads\/2025\/01\/2024_Concert-OeM-1086x1536.jpg 1086w, https:\/\/www.chorale-locustelle.fr\/wp\/wp-content\/uploads\/2025\/01\/2024_Concert-OeM-141x200.jpg 141w\" sizes=\"auto, (max-width: 1191px) 100vw, 1191px\" \/><\/figure>\n\n\n\n<p><\/p>\n\n\n\n<p class=\"has-background\" style=\"background:linear-gradient(135deg,rgb(252,185,0) 0%,rgb(255,255,255) 16%,rgb(255,105,0) 100%)\">La nouvelle saison 2024\/2025 commence bien! Apr\u00e8s un week end de r\u00e9p\u00e9tition \u00e0 Talmont St Hilaire en septembre, les choristes accompagn\u00e9s de leur chef de choeur ont d\u00e9couvert une autre fa\u00e7on d&rsquo;apprendre les chants. Ce week-end d&rsquo;octobre, \u00e0 la MCL de Beaucouz\u00e9, ils ont v\u00e9cu une exp\u00e9rience passionnante et intense sous la direction de <strong>Cristelle SERVILLAT<\/strong>. Consid\u00e9r\u00e9e en France comme l\u2019un des meilleurs chefs de ch\u0153ur actuels, <strong>Cristelle SERVILLAT<\/strong> \u00e9tait accompagn\u00e9e de <strong>Jean-Chistophe FAURE<\/strong>, musicien arrangeur. Apprendre 4 chants de vari\u00e9t\u00e9 fran\u00e7aise en une journ\u00e9e et demi et les partager en direct avec le public : objectif \ud83d\udcaf% atteint\u2757\ufe0f<\/p>\n\n\n\n<div class=\"wp-block-columns are-vertically-aligned-center is-layout-flex wp-container-core-columns-is-layout-9d6595d7 wp-block-columns-is-layout-flex\">\n<div class=\"wp-block-column is-vertically-aligned-center is-layout-flow wp-block-column-is-layout-flow\" style=\"flex-basis:25%\"><\/div>\n\n\n\n<div class=\"wp-block-column is-vertically-aligned-center is-layout-flow wp-block-column-is-layout-flow\" style=\"flex-basis:25%\"><\/div>\n\n\n\n<div class=\"wp-block-column is-vertically-aligned-center is-layout-flow wp-block-column-is-layout-flow\" style=\"flex-basis:25%\"><\/div>\n<\/div>\n\n\n\n<div class=\"wp-block-columns is-layout-flex wp-container-core-columns-is-layout-9d6595d7 wp-block-columns-is-layout-flex\">\n<div class=\"wp-block-column is-layout-flow wp-block-column-is-layout-flow\">\n<figure class=\"wp-block-image size-large\"><img loading=\"lazy\" decoding=\"async\" width=\"1024\" height=\"681\" src=\"https:\/\/www.chorale-locustelle.fr\/wp\/wp-content\/uploads\/2024\/10\/tempImage1KnqYC-1024x681.jpg\" alt=\"\" class=\"wp-image-1358\" srcset=\"https:\/\/www.chorale-locustelle.fr\/wp\/wp-content\/uploads\/2024\/10\/tempImage1KnqYC-1024x681.jpg 1024w, https:\/\/www.chorale-locustelle.fr\/wp\/wp-content\/uploads\/2024\/10\/tempImage1KnqYC-300x199.jpg 300w, https:\/\/www.chorale-locustelle.fr\/wp\/wp-content\/uploads\/2024\/10\/tempImage1KnqYC-768x511.jpg 768w, https:\/\/www.chorale-locustelle.fr\/wp\/wp-content\/uploads\/2024\/10\/tempImage1KnqYC-1536x1021.jpg 1536w, https:\/\/www.chorale-locustelle.fr\/wp\/wp-content\/uploads\/2024\/10\/tempImage1KnqYC-2048x1362.jpg 2048w, https:\/\/www.chorale-locustelle.fr\/wp\/wp-content\/uploads\/2024\/10\/tempImage1KnqYC-301x200.jpg 301w\" sizes=\"auto, (max-width: 1024px) 100vw, 1024px\" \/><\/figure>\n<\/div>\n\n\n\n<div class=\"wp-block-column is-layout-flow wp-block-column-is-layout-flow\">\n<figure class=\"wp-block-image size-large\"><img loading=\"lazy\" decoding=\"async\" width=\"1024\" height=\"662\" src=\"https:\/\/www.chorale-locustelle.fr\/wp\/wp-content\/uploads\/2024\/10\/tempImage8tjhXr-1024x662.jpg\" alt=\"\" class=\"wp-image-1360\" srcset=\"https:\/\/www.chorale-locustelle.fr\/wp\/wp-content\/uploads\/2024\/10\/tempImage8tjhXr-1024x662.jpg 1024w, https:\/\/www.chorale-locustelle.fr\/wp\/wp-content\/uploads\/2024\/10\/tempImage8tjhXr-300x194.jpg 300w, https:\/\/www.chorale-locustelle.fr\/wp\/wp-content\/uploads\/2024\/10\/tempImage8tjhXr-768x497.jpg 768w, https:\/\/www.chorale-locustelle.fr\/wp\/wp-content\/uploads\/2024\/10\/tempImage8tjhXr-1536x993.jpg 1536w, https:\/\/www.chorale-locustelle.fr\/wp\/wp-content\/uploads\/2024\/10\/tempImage8tjhXr-2048x1325.jpg 2048w, https:\/\/www.chorale-locustelle.fr\/wp\/wp-content\/uploads\/2024\/10\/tempImage8tjhXr-309x200.jpg 309w\" sizes=\"auto, (max-width: 1024px) 100vw, 1024px\" \/><\/figure>\n<\/div>\n<\/div>\n\n\n\n<figure class=\"wp-block-video\"><\/figure>\n","protected":false},"excerpt":{"rendered":"<p>Pour \u00eatre les premiers \u00e0 r\u00e9server vos places, suivez nos \u00e9v\u00e9nements, retrouvez-nous sur notre site\u00a0https:\/\/www.chorale-locustelle.fr\/wp\/ et sur Facebook\u00a0 La nouvelle saison 2024\/2025 commence bien! Apr\u00e8s un week end de r\u00e9p\u00e9tition \u00e0 Talmont St Hilaire en septembre, les choristes accompagn\u00e9s de leur chef de choeur ont d\u00e9couvert une autre fa\u00e7on d&rsquo;apprendre &hellip;<\/p>\n","protected":false},"author":1,"featured_media":0,"parent":0,"menu_order":0,"comment_status":"closed","ping_status":"closed","template":"","meta":{"ngg_post_thumbnail":0,"_mc_calendar":[],"footnotes":""},"class_list":["post-52","page","type-page","status-publish","hentry"],"_links":{"self":[{"href":"https:\/\/www.chorale-locustelle.fr\/wp\/index.php?rest_route=\/wp\/v2\/pages\/52","targetHints":{"allow":["GET"]}}],"collection":[{"href":"https:\/\/www.chorale-locustelle.fr\/wp\/index.php?rest_route=\/wp\/v2\/pages"}],"about":[{"href":"https:\/\/www.chorale-locustelle.fr\/wp\/index.php?rest_route=\/wp\/v2\/types\/page"}],"author":[{"embeddable":true,"href":"https:\/\/www.chorale-locustelle.fr\/wp\/index.php?rest_route=\/wp\/v2\/users\/1"}],"replies":[{"embeddable":true,"href":"https:\/\/www.chorale-locustelle.fr\/wp\/index.php?rest_route=%2Fwp%2Fv2%2Fcomments&post=52"}],"version-history":[{"count":34,"href":"https:\/\/www.chorale-locustelle.fr\/wp\/index.php?rest_route=\/wp\/v2\/pages\/52\/revisions"}],"predecessor-version":[{"id":1559,"href":"https:\/\/www.chorale-locustelle.fr\/wp\/index.php?rest_route=\/wp\/v2\/pages\/52\/revisions\/1559"}],"wp:attachment":[{"href":"https:\/\/www.chorale-locustelle.fr\/wp\/index.php?rest_route=%2Fwp%2Fv2%2Fmedia&parent=52"}],"curies":[{"name":"wp","href":"https:\/\/api.w.org\/{rel}","templated":true}]}}