{"id":331,"date":"2017-05-12T20:40:36","date_gmt":"2017-05-12T18:40:36","guid":{"rendered":"https:\/\/www.chorale-locustelle.fr\/wp\/?page_id=331"},"modified":"2017-05-18T10:52:49","modified_gmt":"2017-05-18T08:52:49","slug":"de-1978-a-1990","status":"publish","type":"page","link":"https:\/\/www.chorale-locustelle.fr\/wp\/?page_id=331","title":{"rendered":"De 1978 \u00e0 1990"},"content":{"rendered":"<div id=\"cct_histo\">\n<p>Pendant les dix premi\u00e8res ann\u00e9es de sa jeunesse (1978-1987), la chorale Locustelle se cherche, tant du point de vue r\u00e9pertoire que rencontres ou \u00e9changes. Les concerts sont organis\u00e9s chaque ann\u00e9e dans l&rsquo;\u00e9glise de Beaucouz\u00e9.<\/p>\n<table>\n<tr>\n<td><a href=\"https:\/\/chorale-locustelle.fr\/images\/ch-eglis.jpg\" target=\"_blank\"><img decoding=\"async\" src=\"https:\/\/chorale-locustelle.fr\/images\/ch-eglis-m.jpg\" style=\"min-width:200px\" title=\"Chorale dans l'\u00e9glise de Beaucouz\u00e9\" alt=\"\u00e9glise\" \/><\/a><\/td>\n<td>En 1978 est cr\u00e9\u00e9, dans le cadre de l&rsquo;\u00c9cole de Musique de Beaucouz\u00e9, le premier cours d&rsquo;expression vocale. Une poign\u00e9e de choristes, jeunes et adultes r\u00e9unis, va bient\u00f4t entra\u00eener l&rsquo;adh\u00e9sion de ceux qui expriment dans le chant leurs vibrations sentimentales et leur d\u00e9sir d&rsquo;harmonie. Cette expression \u00e9voluera avec la succession des chefs de ch\u0153ur d&rsquo;horizons diff\u00e9rents.<\/td>\n<\/tr>\n<\/table>\n<p><!-- --><!-- --><!-- --><!-- --><!-- --><!-- --><!-- --><!-- --><!-- --><!-- --><\/p>\n<p>En 1983, la chorale se perfectionne en chants classiques et Renaissance, puis, en 1984, sous l&rsquo;impulsion d&rsquo;Henri Germond, son nouveau chef de ch\u0153ur,\telle compl\u00e8te son r\u00e9pertoire de \u00ab\u00a0Negro Spiritual\u00a0\u00bb et de chants contemporains.\tElle anime des soir\u00e9es, de la Sainte C\u00e9cile pour l&rsquo;\u00c9cole des Arts et M\u00e9tiers d&rsquo;Angers, et pour diff\u00e9rentes associations locales, rencontre de nombreux groupes r\u00e9gionaux lors de concerts individuels ou communs dans le cadre des festivals d&rsquo;Anjou Chorales (Musique municipale d&rsquo;Angers, Chorale Lac de Maine d&rsquo;Angers, Marogu\u00e9 de Montreuil-Juign\u00e9, Schola Ren\u00e9 d&rsquo;Anjou d&rsquo;Angers, Evre Chantante de Beaupr\u00e9au, etc.)\n<\/p>\n<p><!-- --><!-- --><!-- --><!-- --><!-- --><!-- --><!-- --><!-- --><!-- --><!-- --><\/p>\n<table>\n<tr>\n<td><img decoding=\"async\" src=\"https:\/\/chorale-locustelle.fr\/images\/locnaeph.jpg\" style=\"min-width:164px\" title=\"Locustelle tachet\u00e9e\" alt=\"oiseau\" \/><\/td>\n<td>En 1985, soucieuse de se personnaliser en Anjou, la chorale prend le nom de \u00ab\u00a0LOCUSTELLE\u00a0\u00bb (nom d&rsquo;une petite fauvette brune qui chante et adopte des m\u0153urs migratives), et cr\u00e9e son premier logo.<\/td>\n<td><img decoding=\"async\" src=\"https:\/\/chorale-locustelle.fr\/images\/log-loc2.gif\" style=\"min-width:88px\" title=\"Blason de la chorale\" alt=\"Blason\" \/><\/td>\n<\/tr>\n<\/table>\n<p><!-- --><!-- --><!-- --><!-- --><!-- --><!-- --><!-- --><!-- --><!-- --><!-- --><\/p>\n<table>\n<tr>\n<td>Apr\u00e8s 1987, (date de son inauguration) la M.C.L. de Beaucouz\u00e9 accueille la chorale Locustelle pour son concert annuel.<\/td>\n<td><a href=\"https:\/\/chorale-locustelle.fr\/images\/mcl.jpg\" target=\"_blank\"><img decoding=\"async\" src=\"https:\/\/chorale-locustelle.fr\/images\/mcl-m.jpg\" style=\"min-width:200px\" title=\"MCL de Beaucouz\u00e9\" alt=\"MCL\" \/><\/a><\/td>\n<\/tr>\n<\/table>\n<p><!-- --><!-- --><!-- --><!-- --><!-- --><!-- --><!-- --><!-- --><!-- --><!-- --><\/p>\n<table>\n<tr>\n<td><a href=\"https:\/\/chorale-locustelle.fr\/images\/ch-musul.jpg\" target=\"_blank\"><img decoding=\"async\" src=\"https:\/\/chorale-locustelle.fr\/images\/ch-musul-m.jpg\" style=\"min-width:200px\" title=\"Spectacle avec Serge Cardu\" alt=\"Cardu\" \/><\/a><\/td>\n<td>C&rsquo;est en 1988, (pour son 10<sup>e<\/sup> anniversaire) que la chorale organise, dans les nouveaux locaux, un concert important, et invite Serge Cardu, le sosie de Michel Sardou.<br \/>\nElle inaugure \u00e9galement des chants avec d\u00e9cors et costumes appropri\u00e9s, ajoutant une note vivante \u00e0 l&rsquo;expression chorale.<\/td>\n<\/tr>\n<\/table>\n<p><!-- --><!-- --><!-- --><!-- --><!-- --><!-- --><!-- --><!-- --><!-- --><!-- --><\/p>\n<p>Cette m\u00eame ann\u00e9e, quelques choristes de Locustelle participent \u00e9galement au 4<sup>e<\/sup> Festival d&rsquo;Anjou Chorales dans Carmina Burana.<br \/>\nLe d\u00e9clic est donn\u00e9 pour des rencontres et des \u00e9changes beaucoup plus importants.<\/p>\n<p><!-- --><!-- --><!-- --><!-- --><!-- --><!-- --><!-- --><!-- --><!-- --><!-- --><\/p>\n<table>\n<tr>\n<td>En 1989, un premier contact a \u00e9t\u00e9 \u00e9tabli avec des choristes bulgares, au hasard d&rsquo;une lettre envoy\u00e9e par le mari philat\u00e9liste d&rsquo;une alto de Locustelle. Cette lettre r\u00e9cup\u00e9r\u00e9e sur un bateau bulgare (bloqu\u00e9 dans le canal de Suez) par un officier dont la fille \u00e9tait choriste a permis d&rsquo;\u00e9tablir le contact avec la chorale des Instituteurs de Varna. Cette ann\u00e9e l\u00e0 voit la premi\u00e8re venue de nos amis bulgares. Dix jours pass\u00e9s en Anjou et deux concerts communs \u00e0 Beaucouz\u00e9.<\/td>\n<td><img decoding=\"async\" src=\"https:\/\/chorale-locustelle.fr\/images\/varnegl.jpg\" style=\"min-width:257px\" title=\"\u00c9glise de Varna\" alt=\"Varna\" \/><\/td>\n<\/tr>\n<\/table>\n<p><!-- --><!-- --><!-- --><!-- --><!-- --><!-- --><!-- --><!-- --><!-- --><!-- --><\/p>\n<table>\n<tr>\n<td><img decoding=\"async\" src=\"https:\/\/chorale-locustelle.fr\/images\/locust1.jpg\" style=\"min-width:197px\" title=\"La chorale en costumes\" alt=\"Costumes\" \/><\/td>\n<td>2<sup>e<\/sup> d\u00e9clic en 1990 ; participation au 5<sup>e<\/sup> festival d&rsquo;Anjou Chorales dans un concert commun avec la chorale de l&rsquo;\u00c9cole de Musique de M\u00fbrs-\u00c9rign\u00e9 et la chorale Ocarina de Saint Barth\u00e9l\u00e9my d&rsquo;Anjou et participation d&rsquo;un certain nombre de choristes de Locustelle au concert final avec Michel Fugain. La chorale adopte pour la premi\u00e8re fois, un r\u00e9pertoire compos\u00e9 uniquement de chants contemporains.<\/td>\n<\/tr>\n<\/table>\n<p><!-- --><!-- --><!-- --><!-- --><!-- --><!-- --><!-- --><!-- --><!-- --><\/p>\n<p>\u00c0 partir de cette p\u00e9riode, Locustelle se structure afin de mener \u00e0 bien les nombreux concerts, rencontres et d\u00e9placements qu&rsquo;elle effectue chaque ann\u00e9e (En France m\u00e9tropolitaine, Bulgarie, Qu\u00e9bec, Allemagne, \u00cele de la R\u00e9union etc.)<\/p>\n<\/div>\n<p> <!-- \/#cct_histo --><\/p>\n","protected":false},"excerpt":{"rendered":"<p>Pendant les dix premi\u00e8res ann\u00e9es de sa jeunesse (1978-1987), la chorale Locustelle se cherche, tant du point de vue r\u00e9pertoire que rencontres ou \u00e9changes. Les concerts sont organis\u00e9s chaque ann\u00e9e dans l&rsquo;\u00e9glise de Beaucouz\u00e9. En 1978 est cr\u00e9\u00e9, dans le cadre de l&rsquo;\u00c9cole de Musique de Beaucouz\u00e9, le premier cours &hellip;<\/p>\n","protected":false},"author":1,"featured_media":0,"parent":48,"menu_order":10,"comment_status":"closed","ping_status":"closed","template":"","meta":{"ngg_post_thumbnail":0,"_mc_calendar":[],"footnotes":""},"class_list":["post-331","page","type-page","status-publish","hentry"],"_links":{"self":[{"href":"https:\/\/www.chorale-locustelle.fr\/wp\/index.php?rest_route=\/wp\/v2\/pages\/331","targetHints":{"allow":["GET"]}}],"collection":[{"href":"https:\/\/www.chorale-locustelle.fr\/wp\/index.php?rest_route=\/wp\/v2\/pages"}],"about":[{"href":"https:\/\/www.chorale-locustelle.fr\/wp\/index.php?rest_route=\/wp\/v2\/types\/page"}],"author":[{"embeddable":true,"href":"https:\/\/www.chorale-locustelle.fr\/wp\/index.php?rest_route=\/wp\/v2\/users\/1"}],"replies":[{"embeddable":true,"href":"https:\/\/www.chorale-locustelle.fr\/wp\/index.php?rest_route=%2Fwp%2Fv2%2Fcomments&post=331"}],"version-history":[{"count":7,"href":"https:\/\/www.chorale-locustelle.fr\/wp\/index.php?rest_route=\/wp\/v2\/pages\/331\/revisions"}],"predecessor-version":[{"id":424,"href":"https:\/\/www.chorale-locustelle.fr\/wp\/index.php?rest_route=\/wp\/v2\/pages\/331\/revisions\/424"}],"up":[{"embeddable":true,"href":"https:\/\/www.chorale-locustelle.fr\/wp\/index.php?rest_route=\/wp\/v2\/pages\/48"}],"wp:attachment":[{"href":"https:\/\/www.chorale-locustelle.fr\/wp\/index.php?rest_route=%2Fwp%2Fv2%2Fmedia&parent=331"}],"curies":[{"name":"wp","href":"https:\/\/api.w.org\/{rel}","templated":true}]}}